{"id":249,"date":"2023-09-26T16:11:38","date_gmt":"2023-09-26T13:11:38","guid":{"rendered":"https:\/\/www.profdrerkanerkmen.com\/?page_id=249"},"modified":"2025-03-27T13:54:07","modified_gmt":"2025-03-27T10:54:07","slug":"contact","status":"publish","type":"page","link":"https:\/\/www.profdrerkanerkmen.com\/en\/contact\/","title":{"rendered":"CONTACT"},"content":{"rendered":"\n<section class=\"contact-us-wrap ptb-10\">\n    <div class=\"container\">\n        <div class=\"row justify-content-center pb-30\">\n        \n            <div class=\"col-xl-4 col-lg-6 col-md-6\">\n                <div class=\"contact-item\">\n                    <img decoding=\"async\" src=\"https:\/\/profdrerkanerkmen.com\/wp-content\/uploads\/2023\/09\/mail.png\">\n                    <div class=\"contact-info\">\n                        <h3>E-Mail<\/h3>\n                        <a href=\"mailto:profdrerkanerkmen@gmail.com\">profdrerkanerkmen@gmail.com<\/a>\n                        <br>\n                    <\/div>\n                <\/div>\n            <\/div>\n            <div class=\"col-xl-4 col-lg-6 col-md-6\">\n                <div class=\"contact-item\">\n                    <img decoding=\"async\" src=\"https:\/\/profdrerkanerkmen.com\/wp-content\/uploads\/2023\/09\/telephone.png\">\n                    <div class=\"contact-info\">\n                        <h3>Phone<\/h3>\n                        <a href=\"tel:0312 467 67 99\">0312 467 67 99<\/a>\n                        <br>\n                    <\/div>\n                <\/div>\n            <\/div>\n               <div class=\"col-xl-4 col-lg-6 col-md-6\">\n                <div class=\"contact-item\">\n                    <img decoding=\"async\" src=\"https:\/\/www.profdrerkanerkmen.com\/wp-content\/uploads\/2025\/03\/gps.png\">\n                    <div class=\"contact-info\">\n                        <h3>Address<\/h3>\n                        <p>Remzi O\u011fuz Ar\u0131k Mahallesi Tunal\u0131 Hilmi Caddesi 94\/12 \u00c7ankaya\/ANKARA<\/p>\n                    <\/div>\n                <\/div>\n            <\/div>\n<div class=\"header-top-right\">\n                            \n                                    <ul class=\"social-profile list-style style1\">\n                                        <li>\n                                            <a href=\"https:\/\/www.threads.net\/@profdrerkanerkmen\" target=\"_blank\" rel=\"noopener\">\n                                              <img decoding=\"async\" src=\"https:\/\/profdrerkanerkmen.com\/wp-content\/uploads\/2023\/09\/t.jpg\">\n                                            <\/a>\n                                        <\/li>\n\n                                        <li>\n                                     <a href=\"https:\/\/twitter.com\/erkanerkmen7\" target=\"_blank\" rel=\"noopener\">     \n                                       <img decoding=\"async\" src=\"https:\/\/profdrerkanerkmen.com\/wp-content\/uploads\/2023\/09\/x.png\">\n                                              \n                                            <\/a>\n                                        <\/li>\n                                        <li>\n                                            <a href=\"https:\/\/www.linkedin.com\/in\/prof-dr-erkan-erkmen-767022277\/\" target=\"_blank\" rel=\"noopener\">\n                                               <img decoding=\"async\" src=\"https:\/\/profdrerkanerkmen.com\/wp-content\/uploads\/2023\/09\/linkedin-1.png\">\n                                            <\/a>\n                                        <\/li>\n                                        <li>\n                                            <a href=\"https:\/\/www.instagram.com\/profdrerkanerkmen\/\" target=\"_blank\" rel=\"noopener\">\n                                                <img decoding=\"async\" src=\"https:\/\/profdrerkanerkmen.com\/wp-content\/uploads\/2023\/09\/instagram-1.png\">\n                                            <\/a>\n                                        <\/li>\n       <li>\n                                            <a href=\"https:\/\/www.youtube.com\/@erkanerkmen6588\/about\" target=\"_blank\" rel=\"noopener\">\n                                                <img decoding=\"async\" src=\"https:\/\/profdrerkanerkmen.com\/wp-content\/uploads\/2023\/09\/youtube-1.png\" style=\"width:34px\">\n                                            <\/a>\n                                        <\/li>\n                                    <\/ul>\n                                <\/div>\n        <\/div>\n     \n    <\/div>\n<\/section>\n\n\n\n<p><\/p>\n\n\n\n<section class=\"contact-us-wrap ptb-10\">\n    <div class=\"container\">\n    \n        <div class=\"row gx-5\">\n            <div class=\"col-xl-6 col-lg-6 col-12\">\n                <div class=\"contact-form\">\n                    <h3>Contact Us<\/h3>\n                    <style id=\"wpforms-css-vars-251\">\n\t\t\t\t#wpforms-251 {\n\t\t\t\t\n\t\t\t}\n\t\t\t<\/style><div class=\"wpforms-container wpforms-container-full wpforms-render-modern\" id=\"wpforms-251\"><form id=\"wpforms-form-251\" class=\"wpforms-validate wpforms-form wpforms-ajax-form\" data-formid=\"251\" method=\"post\" enctype=\"multipart\/form-data\" action=\"\/en\/wp-json\/wp\/v2\/pages\/249\" data-token=\"13b489d54d542d55706b4ff6f624cd83\" data-token-time=\"1775576082\"><noscript class=\"wpforms-error-noscript\">Please enable JavaScript in your browser to complete this form.<\/noscript><div id=\"wpforms-error-noscript\" style=\"display: none;\">Please enable JavaScript in your browser to complete this form.<\/div><div class=\"wpforms-field-container\"><div id=\"wpforms-251-field_0-container\" class=\"wpforms-field wpforms-field-name\" data-field-id=\"0\"><label class=\"wpforms-field-label\" for=\"wpforms-251-field_0\">Name Surname <span class=\"wpforms-required-label\" aria-hidden=\"true\">*<\/span><\/label><input type=\"text\" id=\"wpforms-251-field_0\" class=\"wpforms-field-large wpforms-field-required\" name=\"wpforms[fields][0]\" aria-errormessage=\"wpforms-251-field_0-error\" required><\/div><div id=\"wpforms-251-field_1-container\" class=\"wpforms-field wpforms-field-email\" data-field-id=\"1\"><label class=\"wpforms-field-label\" for=\"wpforms-251-field_1\">E-Mail <span class=\"wpforms-required-label\" aria-hidden=\"true\">*<\/span><\/label><input type=\"email\" id=\"wpforms-251-field_1\" class=\"wpforms-field-large wpforms-field-required\" name=\"wpforms[fields][1]\" spellcheck=\"false\" aria-errormessage=\"wpforms-251-field_1-error\" required><\/div><div id=\"wpforms-251-field_3-container\" class=\"wpforms-field wpforms-field-text\" data-field-id=\"3\"><label class=\"wpforms-field-label\" for=\"wpforms-251-field_3\">Phone <span class=\"wpforms-required-label\" aria-hidden=\"true\">*<\/span><\/label><input type=\"text\" id=\"wpforms-251-field_3\" class=\"wpforms-field-large wpforms-field-required\" name=\"wpforms[fields][3]\" aria-errormessage=\"wpforms-251-field_3-error\" required><\/div><div id=\"wpforms-251-field_2-container\" class=\"wpforms-field wpforms-field-textarea\" data-field-id=\"2\"><label class=\"wpforms-field-label\" for=\"wpforms-251-field_2\">Message<\/label><textarea id=\"wpforms-251-field_2\" class=\"wpforms-field-medium\" name=\"wpforms[fields][2]\" aria-errormessage=\"wpforms-251-field_2-error\" ><\/textarea><\/div><\/div><!-- .wpforms-field-container --><div class=\"wpforms-submit-container\" ><input type=\"hidden\" name=\"wpforms[id]\" value=\"251\"><input type=\"hidden\" name=\"page_title\" value=\"\"><input type=\"hidden\" name=\"page_url\" value=\"https:\/\/www.profdrerkanerkmen.com\/en\/wp-json\/wp\/v2\/pages\/249\"><input type=\"hidden\" name=\"url_referer\" value=\"\"><button type=\"submit\" name=\"wpforms[submit]\" id=\"wpforms-submit-251\" class=\"wpforms-submit\" data-alt-text=\"Sending...\" data-submit-text=\"Send\" aria-live=\"assertive\" value=\"wpforms-submit\">Send<\/button><img loading=\"lazy\" decoding=\"async\" src=\"https:\/\/www.profdrerkanerkmen.com\/wp-content\/plugins\/wpforms-lite\/assets\/images\/submit-spin.svg\" class=\"wpforms-submit-spinner\" style=\"display: none;\" width=\"26\" height=\"26\" alt=\"Loading\"><\/div><\/form><\/div>  <!-- .wpforms-container -->\n                <\/div>\n            <\/div>\n                       <div class=\"col-xl-6 col-lg-6 col-12\">\n                <div class=\"contact-form\">\n                   <iframe src=\"https:\/\/www.google.com\/maps\/embed?pb=!1m18!1m12!1m3!1d1530.319761299867!2d32.859055636657246!3d39.90470238664344!2m3!1f0!2f0!3f0!3m2!1i1024!2i768!4f13.1!3m3!1m2!1s0x14d34fa3c19e60d7%3A0x4737c4d343bc6e87!2zTWFoYWxsZXNpLCBSZW16aSBPxJ91eiBBcsSxaywgVHVuYWzEsSBIaWxtaSBDZC4gTm86OTQgRDoxMiwgMDY2ODAgw4dhbmtheWEvQW5rYXJh!5e0!3m2!1str!2str!4v1743072720379!5m2!1str!2str\" width=\"100%\" height=\"450\" style=\"border:0;\" allowfullscreen=\"\" loading=\"lazy\" referrerpolicy=\"no-referrer-when-downgrade\"><\/iframe>\n                <\/div>\n            <\/div>\n        <\/div>\n    <\/div>\n<\/section>\n","protected":false},"excerpt":{"rendered":"<p>E-Mail profdrerkanerkmen@gmail.com Phone 0312 467 67 99 Address Remzi O\u011fuz Ar\u0131k Mahallesi Tunal\u0131 Hilmi Caddesi 94\/12 \u00c7ankaya\/ANKARA Contact Us<\/p>","protected":false},"author":1,"featured_media":0,"parent":0,"menu_order":0,"comment_status":"closed","ping_status":"closed","template":"","meta":{"footnotes":""},"class_list":["post-249","page","type-page","status-publish","hentry"],"_links":{"self":[{"href":"https:\/\/www.profdrerkanerkmen.com\/en\/wp-json\/wp\/v2\/pages\/249","targetHints":{"allow":["GET"]}}],"collection":[{"href":"https:\/\/www.profdrerkanerkmen.com\/en\/wp-json\/wp\/v2\/pages"}],"about":[{"href":"https:\/\/www.profdrerkanerkmen.com\/en\/wp-json\/wp\/v2\/types\/page"}],"author":[{"embeddable":true,"href":"https:\/\/www.profdrerkanerkmen.com\/en\/wp-json\/wp\/v2\/users\/1"}],"replies":[{"embeddable":true,"href":"https:\/\/www.profdrerkanerkmen.com\/en\/wp-json\/wp\/v2\/comments?post=249"}],"version-history":[{"count":4,"href":"https:\/\/www.profdrerkanerkmen.com\/en\/wp-json\/wp\/v2\/pages\/249\/revisions"}],"predecessor-version":[{"id":334,"href":"https:\/\/www.profdrerkanerkmen.com\/en\/wp-json\/wp\/v2\/pages\/249\/revisions\/334"}],"wp:attachment":[{"href":"https:\/\/www.profdrerkanerkmen.com\/en\/wp-json\/wp\/v2\/media?parent=249"}],"curies":[{"name":"wp","href":"https:\/\/api.w.org\/{rel}","templated":true}]}}